{"id":107,"date":"2012-12-18T22:05:52","date_gmt":"2012-12-18T20:05:52","guid":{"rendered":"http:\/\/test.schlossberg.be\/?page_id=107"},"modified":"2022-07-10T11:46:36","modified_gmt":"2022-07-10T09:46:36","slug":"etang","status":"publish","type":"page","link":"https:\/\/www.schlossberg.be\/fr\/etang","title":{"rendered":"L\u2019\u00e9tang"},"content":{"rendered":"\n<p>Non loin du village se trouve notre <strong>\u00e9tang idyllique<\/strong>.<br>Cette pi\u00e8ce d\u2019eau qui fut cr\u00e9\u00e9e il y a des ann\u00e9es est aliment\u00e9e par 7 sources environnantes.<\/p>\n\n\n\n<p>Le site est id\u00e9al pour passer quelques apr\u00e8s-midi de vacance et permet surtout aux <strong>enfants de faire v\u00e9ritablement l\u2019exp\u00e9rience de la nature<\/strong>.<br>Naturellement, la <strong>p\u00e8che \u00e0 la carpe<\/strong> y est \u00e9galement possible.<\/p>\n\n\n\n<p><\/p>\n","protected":false},"excerpt":{"rendered":"<p>Non loin du village se trouve notre \u00e9tang idyllique.Cette pi\u00e8ce d\u2019eau qui fut cr\u00e9\u00e9e il y a des ann\u00e9es est aliment\u00e9e par 7 sources environnantes. Le site est id\u00e9al pour passer quelques apr\u00e8s-midi de vacance et permet surtout aux enfants de faire v\u00e9ritablement l\u2019exp\u00e9rience de la nature.Naturellement, la p\u00e8che \u00e0 la carpe y est \u00e9galement [&hellip;]<\/p>\n","protected":false},"author":1,"featured_media":373,"parent":0,"menu_order":0,"comment_status":"closed","ping_status":"closed","template":"","meta":{"_acf_changed":false,"footnotes":""},"class_list":["post-107","page","type-page","status-publish","has-post-thumbnail","hentry"],"acf":[],"yoast_head":"<!-- This site is optimized with the Yoast SEO plugin v22.2 - https:\/\/yoast.com\/wordpress\/plugins\/seo\/ -->\n<title>L\u2019\u00e9tang - zum Schlossberg<\/title>\n<meta name=\"robots\" content=\"index, follow, max-snippet:-1, max-image-preview:large, max-video-preview:-1\" \/>\n<link rel=\"canonical\" href=\"https:\/\/www.schlossberg.be\/fr\/etang\" \/>\n<meta property=\"og:locale\" content=\"fr_FR\" \/>\n<meta property=\"og:type\" content=\"article\" \/>\n<meta property=\"og:title\" content=\"L\u2019\u00e9tang - zum Schlossberg\" \/>\n<meta property=\"og:description\" content=\"Non loin du village se trouve notre \u00e9tang idyllique.Cette pi\u00e8ce d\u2019eau qui fut cr\u00e9\u00e9e il y a des ann\u00e9es est aliment\u00e9e par 7 sources environnantes. Le site est id\u00e9al pour passer quelques apr\u00e8s-midi de vacance et permet surtout aux enfants de faire v\u00e9ritablement l\u2019exp\u00e9rience de la nature.Naturellement, la p\u00e8che \u00e0 la carpe y est \u00e9galement [&hellip;]\" \/>\n<meta property=\"og:url\" content=\"https:\/\/www.schlossberg.be\/fr\/etang\" \/>\n<meta property=\"og:site_name\" content=\"zum Schlossberg\" \/>\n<meta property=\"article:modified_time\" content=\"2022-07-10T09:46:36+00:00\" \/>\n<meta property=\"og:image\" content=\"https:\/\/www.schlossberg.be\/wp-content\/uploads\/2012\/06\/weiher-header.jpg\" \/>\n\t<meta property=\"og:image:width\" content=\"960\" \/>\n\t<meta property=\"og:image:height\" content=\"340\" \/>\n\t<meta property=\"og:image:type\" content=\"image\/jpeg\" \/>\n<meta name=\"twitter:label1\" content=\"Dur\u00e9e de lecture estim\u00e9e\" \/>\n\t<meta name=\"twitter:data1\" content=\"1 minute\" \/>\n<script type=\"application\/ld+json\" class=\"yoast-schema-graph\">{\"@context\":\"https:\/\/schema.org\",\"@graph\":[{\"@type\":\"WebPage\",\"@id\":\"https:\/\/www.schlossberg.be\/fr\/etang\",\"url\":\"https:\/\/www.schlossberg.be\/fr\/etang\",\"name\":\"L\u2019\u00e9tang - zum Schlossberg\",\"isPartOf\":{\"@id\":\"https:\/\/www.schlossberg.be\/nl\/#website\"},\"primaryImageOfPage\":{\"@id\":\"https:\/\/www.schlossberg.be\/fr\/etang#primaryimage\"},\"image\":{\"@id\":\"https:\/\/www.schlossberg.be\/fr\/etang#primaryimage\"},\"thumbnailUrl\":\"https:\/\/www.schlossberg.be\/wp-content\/uploads\/2012\/06\/weiher-header.jpg\",\"datePublished\":\"2012-12-18T20:05:52+00:00\",\"dateModified\":\"2022-07-10T09:46:36+00:00\",\"breadcrumb\":{\"@id\":\"https:\/\/www.schlossberg.be\/fr\/etang#breadcrumb\"},\"inLanguage\":\"fr-FR\",\"potentialAction\":[{\"@type\":\"ReadAction\",\"target\":[\"https:\/\/www.schlossberg.be\/fr\/etang\"]}]},{\"@type\":\"ImageObject\",\"inLanguage\":\"fr-FR\",\"@id\":\"https:\/\/www.schlossberg.be\/fr\/etang#primaryimage\",\"url\":\"https:\/\/www.schlossberg.be\/wp-content\/uploads\/2012\/06\/weiher-header.jpg\",\"contentUrl\":\"https:\/\/www.schlossberg.be\/wp-content\/uploads\/2012\/06\/weiher-header.jpg\",\"width\":960,\"height\":340},{\"@type\":\"BreadcrumbList\",\"@id\":\"https:\/\/www.schlossberg.be\/fr\/etang#breadcrumb\",\"itemListElement\":[{\"@type\":\"ListItem\",\"position\":1,\"name\":\"Home\",\"item\":\"https:\/\/www.schlossberg.be\/fr\"},{\"@type\":\"ListItem\",\"position\":2,\"name\":\"L\u2019\u00e9tang\"}]},{\"@type\":\"WebSite\",\"@id\":\"https:\/\/www.schlossberg.be\/nl\/#website\",\"url\":\"https:\/\/www.schlossberg.be\/nl\/\",\"name\":\"zum Schlossberg\",\"description\":\"Ferienwohnungen\",\"potentialAction\":[{\"@type\":\"SearchAction\",\"target\":{\"@type\":\"EntryPoint\",\"urlTemplate\":\"https:\/\/www.schlossberg.be\/nl\/?s={search_term_string}\"},\"query-input\":\"required name=search_term_string\"}],\"inLanguage\":\"fr-FR\"}]}<\/script>\n<!-- \/ Yoast SEO plugin. -->","yoast_head_json":{"title":"L\u2019\u00e9tang - zum Schlossberg","robots":{"index":"index","follow":"follow","max-snippet":"max-snippet:-1","max-image-preview":"max-image-preview:large","max-video-preview":"max-video-preview:-1"},"canonical":"https:\/\/www.schlossberg.be\/fr\/etang","og_locale":"fr_FR","og_type":"article","og_title":"L\u2019\u00e9tang - zum Schlossberg","og_description":"Non loin du village se trouve notre \u00e9tang idyllique.Cette pi\u00e8ce d\u2019eau qui fut cr\u00e9\u00e9e il y a des ann\u00e9es est aliment\u00e9e par 7 sources environnantes. Le site est id\u00e9al pour passer quelques apr\u00e8s-midi de vacance et permet surtout aux enfants de faire v\u00e9ritablement l\u2019exp\u00e9rience de la nature.Naturellement, la p\u00e8che \u00e0 la carpe y est \u00e9galement [&hellip;]","og_url":"https:\/\/www.schlossberg.be\/fr\/etang","og_site_name":"zum Schlossberg","article_modified_time":"2022-07-10T09:46:36+00:00","og_image":[{"width":960,"height":340,"url":"https:\/\/www.schlossberg.be\/wp-content\/uploads\/2012\/06\/weiher-header.jpg","type":"image\/jpeg"}],"twitter_misc":{"Dur\u00e9e de lecture estim\u00e9e":"1 minute"},"schema":{"@context":"https:\/\/schema.org","@graph":[{"@type":"WebPage","@id":"https:\/\/www.schlossberg.be\/fr\/etang","url":"https:\/\/www.schlossberg.be\/fr\/etang","name":"L\u2019\u00e9tang - zum Schlossberg","isPartOf":{"@id":"https:\/\/www.schlossberg.be\/nl\/#website"},"primaryImageOfPage":{"@id":"https:\/\/www.schlossberg.be\/fr\/etang#primaryimage"},"image":{"@id":"https:\/\/www.schlossberg.be\/fr\/etang#primaryimage"},"thumbnailUrl":"https:\/\/www.schlossberg.be\/wp-content\/uploads\/2012\/06\/weiher-header.jpg","datePublished":"2012-12-18T20:05:52+00:00","dateModified":"2022-07-10T09:46:36+00:00","breadcrumb":{"@id":"https:\/\/www.schlossberg.be\/fr\/etang#breadcrumb"},"inLanguage":"fr-FR","potentialAction":[{"@type":"ReadAction","target":["https:\/\/www.schlossberg.be\/fr\/etang"]}]},{"@type":"ImageObject","inLanguage":"fr-FR","@id":"https:\/\/www.schlossberg.be\/fr\/etang#primaryimage","url":"https:\/\/www.schlossberg.be\/wp-content\/uploads\/2012\/06\/weiher-header.jpg","contentUrl":"https:\/\/www.schlossberg.be\/wp-content\/uploads\/2012\/06\/weiher-header.jpg","width":960,"height":340},{"@type":"BreadcrumbList","@id":"https:\/\/www.schlossberg.be\/fr\/etang#breadcrumb","itemListElement":[{"@type":"ListItem","position":1,"name":"Home","item":"https:\/\/www.schlossberg.be\/fr"},{"@type":"ListItem","position":2,"name":"L\u2019\u00e9tang"}]},{"@type":"WebSite","@id":"https:\/\/www.schlossberg.be\/nl\/#website","url":"https:\/\/www.schlossberg.be\/nl\/","name":"zum Schlossberg","description":"Ferienwohnungen","potentialAction":[{"@type":"SearchAction","target":{"@type":"EntryPoint","urlTemplate":"https:\/\/www.schlossberg.be\/nl\/?s={search_term_string}"},"query-input":"required name=search_term_string"}],"inLanguage":"fr-FR"}]}},"_links":{"self":[{"href":"https:\/\/www.schlossberg.be\/fr\/wp-json\/wp\/v2\/pages\/107","targetHints":{"allow":["GET"]}}],"collection":[{"href":"https:\/\/www.schlossberg.be\/fr\/wp-json\/wp\/v2\/pages"}],"about":[{"href":"https:\/\/www.schlossberg.be\/fr\/wp-json\/wp\/v2\/types\/page"}],"author":[{"embeddable":true,"href":"https:\/\/www.schlossberg.be\/fr\/wp-json\/wp\/v2\/users\/1"}],"replies":[{"embeddable":true,"href":"https:\/\/www.schlossberg.be\/fr\/wp-json\/wp\/v2\/comments?post=107"}],"version-history":[{"count":3,"href":"https:\/\/www.schlossberg.be\/fr\/wp-json\/wp\/v2\/pages\/107\/revisions"}],"predecessor-version":[{"id":1485,"href":"https:\/\/www.schlossberg.be\/fr\/wp-json\/wp\/v2\/pages\/107\/revisions\/1485"}],"wp:featuredmedia":[{"embeddable":true,"href":"https:\/\/www.schlossberg.be\/fr\/wp-json\/wp\/v2\/media\/373"}],"wp:attachment":[{"href":"https:\/\/www.schlossberg.be\/fr\/wp-json\/wp\/v2\/media?parent=107"}],"curies":[{"name":"wp","href":"https:\/\/api.w.org\/{rel}","templated":true}]}}