{"id":111,"date":"2012-12-18T22:08:40","date_gmt":"2012-12-18T20:08:40","guid":{"rendered":"http:\/\/test.schlossberg.be\/?page_id=111"},"modified":"2023-08-28T21:10:01","modified_gmt":"2023-08-28T19:10:01","slug":"appartements","status":"publish","type":"page","link":"https:\/\/www.schlossberg.be\/fr\/appartements","title":{"rendered":"Les appartements"},"content":{"rendered":"<p>Nos appartements de vacances confortables situ\u00e9s dans un endroit calme se sont vus attribu\u00e9s 3 \u00e9pis.<\/p>\n<p>L\u2019endroit est particuli\u00e8rement adapt\u00e9 \u00e0 la randonn\u00e9e (nordique \u00e9galement), au v\u00e9lo (VTT) et \u00e0 la relaxation.<br \/>\nUne plaine de jeux est disponible sur place pour nos petits invit\u00e9s.<br \/>\nPour les plus grands, un jeu de fl\u00e9chettes pend \u00e0 l\u2019ext\u00e9rieur.<br \/>\nNotre ch\u00e8vre naine est toujours ravie de recevoir une feuille fra\u00eechement cueillie de l\u2019arbre ou un morceau de pain sec !<br \/>\nDe plus, il est possible de p\u00eacher dans notre petit \u00e9tang \u00e0 carpes.<br \/>\nNotre nature offre d\u2019innombrables possibilit\u00e9s de jeu gr\u00e2ce \u00e0 ses rivi\u00e8res, ses pr\u00e9s et ses for\u00eats.<br \/>\nApprendre \u00e0 conna\u00eetre la nature en joue amuse beaucoup les enfants\u00a0!<\/p>\n<h2>Les appartements sont pourvus de:<\/h2>\n<ul>\n<li>Une salle \u00e0 manger spacieuse ainsi qu\u2019un living avec chaise d\u2019enfant, une TV et une radio<\/li>\n<li>Une chambre \u00e0 coucher, voir plan (chaque appartement a un lit d\u2019enfant)<\/li>\n<li>Une cuisine \u00e9quip\u00e9e avec cuisini\u00e8re \u00e9lectrique, frigo, percolateur, four \u00e0 micro-ondes, etc.<\/li>\n<li>Une salle de bain avec toilette, douche et lavabo<\/li>\n<li>Une terrasse avec du mobilier de jardin<\/li>\n<li>Un d\u00e9barras<\/li>\n<li>Une aire de jeu ainsi qu\u2019un barbecue<\/li>\n<li>Un abri pour v\u00e9lo\/moto est disponible sur demande<\/li>\n<li>Une place de parking priv\u00e9e<\/li>\n<li>Les animaux domestiques ne sont pas autoris\u00e9s<\/li>\n<li>Un lavoir avec lave-linge, s\u00e8che-linge ainsi qu\u2019un fer \u00e0 repasser ainsi qu\u2019une planche (sur demande)<\/li>\n<\/ul>\n","protected":false},"excerpt":{"rendered":"<p>Nos appartements de vacances confortables situ\u00e9s dans un endroit calme se sont vus attribu\u00e9s 3 \u00e9pis. L\u2019endroit est particuli\u00e8rement adapt\u00e9 \u00e0 la randonn\u00e9e (nordique \u00e9galement), au v\u00e9lo (VTT) et \u00e0 la relaxation. Une plaine de jeux est disponible sur place pour nos petits invit\u00e9s. Pour les plus grands, un jeu de fl\u00e9chettes pend \u00e0 l\u2019ext\u00e9rieur. [&hellip;]<\/p>\n","protected":false},"author":1,"featured_media":1739,"parent":0,"menu_order":1,"comment_status":"closed","ping_status":"closed","template":"page-main.php","meta":{"_acf_changed":false,"footnotes":""},"class_list":["post-111","page","type-page","status-publish","has-post-thumbnail","hentry"],"acf":[],"yoast_head":"<!-- This site is optimized with the Yoast SEO plugin v22.2 - https:\/\/yoast.com\/wordpress\/plugins\/seo\/ -->\n<title>Les appartements - zum Schlossberg<\/title>\n<meta name=\"robots\" content=\"index, follow, max-snippet:-1, max-image-preview:large, max-video-preview:-1\" \/>\n<link rel=\"canonical\" href=\"https:\/\/www.schlossberg.be\/fr\/appartements\" \/>\n<meta property=\"og:locale\" content=\"fr_FR\" \/>\n<meta property=\"og:type\" content=\"article\" \/>\n<meta property=\"og:title\" content=\"Les appartements - zum Schlossberg\" \/>\n<meta property=\"og:description\" content=\"Nos appartements de vacances confortables situ\u00e9s dans un endroit calme se sont vus attribu\u00e9s 3 \u00e9pis. L\u2019endroit est particuli\u00e8rement adapt\u00e9 \u00e0 la randonn\u00e9e (nordique \u00e9galement), au v\u00e9lo (VTT) et \u00e0 la relaxation. Une plaine de jeux est disponible sur place pour nos petits invit\u00e9s. Pour les plus grands, un jeu de fl\u00e9chettes pend \u00e0 l\u2019ext\u00e9rieur. [&hellip;]\" \/>\n<meta property=\"og:url\" content=\"https:\/\/www.schlossberg.be\/fr\/appartements\" \/>\n<meta property=\"og:site_name\" content=\"zum Schlossberg\" \/>\n<meta property=\"article:modified_time\" content=\"2023-08-28T19:10:01+00:00\" \/>\n<meta property=\"og:image\" content=\"https:\/\/www.schlossberg.be\/wp-content\/uploads\/2023\/08\/0405-Familie-Wangen-Steils-210.jpg\" \/>\n\t<meta property=\"og:image:width\" content=\"1920\" \/>\n\t<meta property=\"og:image:height\" content=\"1280\" \/>\n\t<meta property=\"og:image:type\" content=\"image\/jpeg\" \/>\n<meta name=\"twitter:label1\" content=\"Dur\u00e9e de lecture estim\u00e9e\" \/>\n\t<meta name=\"twitter:data1\" content=\"2 minutes\" \/>\n<script type=\"application\/ld+json\" class=\"yoast-schema-graph\">{\"@context\":\"https:\/\/schema.org\",\"@graph\":[{\"@type\":\"WebPage\",\"@id\":\"https:\/\/www.schlossberg.be\/fr\/appartements\",\"url\":\"https:\/\/www.schlossberg.be\/fr\/appartements\",\"name\":\"Les appartements - zum Schlossberg\",\"isPartOf\":{\"@id\":\"https:\/\/www.schlossberg.be\/nl\/#website\"},\"primaryImageOfPage\":{\"@id\":\"https:\/\/www.schlossberg.be\/fr\/appartements#primaryimage\"},\"image\":{\"@id\":\"https:\/\/www.schlossberg.be\/fr\/appartements#primaryimage\"},\"thumbnailUrl\":\"https:\/\/www.schlossberg.be\/wp-content\/uploads\/2023\/08\/0405-Familie-Wangen-Steils-210.jpg\",\"datePublished\":\"2012-12-18T20:08:40+00:00\",\"dateModified\":\"2023-08-28T19:10:01+00:00\",\"breadcrumb\":{\"@id\":\"https:\/\/www.schlossberg.be\/fr\/appartements#breadcrumb\"},\"inLanguage\":\"fr-FR\",\"potentialAction\":[{\"@type\":\"ReadAction\",\"target\":[\"https:\/\/www.schlossberg.be\/fr\/appartements\"]}]},{\"@type\":\"ImageObject\",\"inLanguage\":\"fr-FR\",\"@id\":\"https:\/\/www.schlossberg.be\/fr\/appartements#primaryimage\",\"url\":\"https:\/\/www.schlossberg.be\/wp-content\/uploads\/2023\/08\/0405-Familie-Wangen-Steils-210.jpg\",\"contentUrl\":\"https:\/\/www.schlossberg.be\/wp-content\/uploads\/2023\/08\/0405-Familie-Wangen-Steils-210.jpg\",\"width\":1920,\"height\":1280},{\"@type\":\"BreadcrumbList\",\"@id\":\"https:\/\/www.schlossberg.be\/fr\/appartements#breadcrumb\",\"itemListElement\":[{\"@type\":\"ListItem\",\"position\":1,\"name\":\"Home\",\"item\":\"https:\/\/www.schlossberg.be\/fr\"},{\"@type\":\"ListItem\",\"position\":2,\"name\":\"Les appartements\"}]},{\"@type\":\"WebSite\",\"@id\":\"https:\/\/www.schlossberg.be\/nl\/#website\",\"url\":\"https:\/\/www.schlossberg.be\/nl\/\",\"name\":\"zum Schlossberg\",\"description\":\"Ferienwohnungen\",\"potentialAction\":[{\"@type\":\"SearchAction\",\"target\":{\"@type\":\"EntryPoint\",\"urlTemplate\":\"https:\/\/www.schlossberg.be\/nl\/?s={search_term_string}\"},\"query-input\":\"required name=search_term_string\"}],\"inLanguage\":\"fr-FR\"}]}<\/script>\n<!-- \/ Yoast SEO plugin. -->","yoast_head_json":{"title":"Les appartements - zum Schlossberg","robots":{"index":"index","follow":"follow","max-snippet":"max-snippet:-1","max-image-preview":"max-image-preview:large","max-video-preview":"max-video-preview:-1"},"canonical":"https:\/\/www.schlossberg.be\/fr\/appartements","og_locale":"fr_FR","og_type":"article","og_title":"Les appartements - zum Schlossberg","og_description":"Nos appartements de vacances confortables situ\u00e9s dans un endroit calme se sont vus attribu\u00e9s 3 \u00e9pis. L\u2019endroit est particuli\u00e8rement adapt\u00e9 \u00e0 la randonn\u00e9e (nordique \u00e9galement), au v\u00e9lo (VTT) et \u00e0 la relaxation. Une plaine de jeux est disponible sur place pour nos petits invit\u00e9s. Pour les plus grands, un jeu de fl\u00e9chettes pend \u00e0 l\u2019ext\u00e9rieur. [&hellip;]","og_url":"https:\/\/www.schlossberg.be\/fr\/appartements","og_site_name":"zum Schlossberg","article_modified_time":"2023-08-28T19:10:01+00:00","og_image":[{"width":1920,"height":1280,"url":"https:\/\/www.schlossberg.be\/wp-content\/uploads\/2023\/08\/0405-Familie-Wangen-Steils-210.jpg","type":"image\/jpeg"}],"twitter_misc":{"Dur\u00e9e de lecture estim\u00e9e":"2 minutes"},"schema":{"@context":"https:\/\/schema.org","@graph":[{"@type":"WebPage","@id":"https:\/\/www.schlossberg.be\/fr\/appartements","url":"https:\/\/www.schlossberg.be\/fr\/appartements","name":"Les appartements - zum Schlossberg","isPartOf":{"@id":"https:\/\/www.schlossberg.be\/nl\/#website"},"primaryImageOfPage":{"@id":"https:\/\/www.schlossberg.be\/fr\/appartements#primaryimage"},"image":{"@id":"https:\/\/www.schlossberg.be\/fr\/appartements#primaryimage"},"thumbnailUrl":"https:\/\/www.schlossberg.be\/wp-content\/uploads\/2023\/08\/0405-Familie-Wangen-Steils-210.jpg","datePublished":"2012-12-18T20:08:40+00:00","dateModified":"2023-08-28T19:10:01+00:00","breadcrumb":{"@id":"https:\/\/www.schlossberg.be\/fr\/appartements#breadcrumb"},"inLanguage":"fr-FR","potentialAction":[{"@type":"ReadAction","target":["https:\/\/www.schlossberg.be\/fr\/appartements"]}]},{"@type":"ImageObject","inLanguage":"fr-FR","@id":"https:\/\/www.schlossberg.be\/fr\/appartements#primaryimage","url":"https:\/\/www.schlossberg.be\/wp-content\/uploads\/2023\/08\/0405-Familie-Wangen-Steils-210.jpg","contentUrl":"https:\/\/www.schlossberg.be\/wp-content\/uploads\/2023\/08\/0405-Familie-Wangen-Steils-210.jpg","width":1920,"height":1280},{"@type":"BreadcrumbList","@id":"https:\/\/www.schlossberg.be\/fr\/appartements#breadcrumb","itemListElement":[{"@type":"ListItem","position":1,"name":"Home","item":"https:\/\/www.schlossberg.be\/fr"},{"@type":"ListItem","position":2,"name":"Les appartements"}]},{"@type":"WebSite","@id":"https:\/\/www.schlossberg.be\/nl\/#website","url":"https:\/\/www.schlossberg.be\/nl\/","name":"zum Schlossberg","description":"Ferienwohnungen","potentialAction":[{"@type":"SearchAction","target":{"@type":"EntryPoint","urlTemplate":"https:\/\/www.schlossberg.be\/nl\/?s={search_term_string}"},"query-input":"required name=search_term_string"}],"inLanguage":"fr-FR"}]}},"_links":{"self":[{"href":"https:\/\/www.schlossberg.be\/fr\/wp-json\/wp\/v2\/pages\/111","targetHints":{"allow":["GET"]}}],"collection":[{"href":"https:\/\/www.schlossberg.be\/fr\/wp-json\/wp\/v2\/pages"}],"about":[{"href":"https:\/\/www.schlossberg.be\/fr\/wp-json\/wp\/v2\/types\/page"}],"author":[{"embeddable":true,"href":"https:\/\/www.schlossberg.be\/fr\/wp-json\/wp\/v2\/users\/1"}],"replies":[{"embeddable":true,"href":"https:\/\/www.schlossberg.be\/fr\/wp-json\/wp\/v2\/comments?post=111"}],"version-history":[{"count":2,"href":"https:\/\/www.schlossberg.be\/fr\/wp-json\/wp\/v2\/pages\/111\/revisions"}],"predecessor-version":[{"id":1486,"href":"https:\/\/www.schlossberg.be\/fr\/wp-json\/wp\/v2\/pages\/111\/revisions\/1486"}],"wp:featuredmedia":[{"embeddable":true,"href":"https:\/\/www.schlossberg.be\/fr\/wp-json\/wp\/v2\/media\/1739"}],"wp:attachment":[{"href":"https:\/\/www.schlossberg.be\/fr\/wp-json\/wp\/v2\/media?parent=111"}],"curies":[{"name":"wp","href":"https:\/\/api.w.org\/{rel}","templated":true}]}}