{"id":116,"date":"2012-12-18T22:10:24","date_gmt":"2012-12-18T20:10:24","guid":{"rendered":"http:\/\/test.schlossberg.be\/?page_id=116"},"modified":"2022-07-10T11:53:19","modified_gmt":"2022-07-10T09:53:19","slug":"sport","status":"publish","type":"page","link":"https:\/\/www.schlossberg.be\/fr\/vacances-actives\/sport","title":{"rendered":"Sport"},"content":{"rendered":"<p><strong>Bowling \u2013 Karting \u2013 Laser Game:<\/strong><\/p>\n<ul>\n<li><a href=\"http:\/\/www.eastactioncenter.be\/\" target=\"_blank\" rel=\"noopener\">Eastbelgium Action &amp; Fun Center<\/a><\/li>\n<\/ul>\n<p><strong>Jeu de quille:<\/strong><\/p>\n<ul>\n<li><a href=\"http:\/\/www.reuland-ouren.be\/fr\/loisirs\/loisirs-actifs\/jeux-de-quilles\/\" target=\"_blank\" rel=\"noopener\">6 adresses dans la commune<\/a><\/li>\n<\/ul>\n<p><strong>VTT:<\/strong><\/p>\n<ul>\n<li><a href=\"http:\/\/www.reuland-ouren.be\/freizeit\/radfahren\/mountainbike\/\" target=\"_blank\" rel=\"noopener\"><strong>Location de VTT<\/strong><\/a> ainsi qu\u2019une place de rangement priv\u00e9e pour vos propres v\u00e9los \u00e0 votre appartement.<\/li>\n<li>Un d\u00e9pliant gratuit et une carte topographique sont disponibles dans notre magasin.<\/li>\n<\/ul>\n<p><strong>E-Bike<\/strong><\/p>\n<ul>\n<li><a href=\"http:\/\/www.reuland-ouren.be\/freizeit\/radfahren\/e-bike\/\" target=\"_blank\" rel=\"noopener\">Location de E-Bikes<\/a><\/li>\n<\/ul>\n<p><strong>Randonn\u00e9e:<\/strong><\/p>\n<ul>\n<li><strong>300 km de chemins fl\u00e9ch\u00e9es<\/strong> dans la commune ainsi que chez nos voisins allemands et luxembourgeois.<i><br \/>\n<em>Des cartes de randonn\u00e9e des trois pays sont disponibles dans notre magasin<\/em><\/i><\/li>\n<\/ul>\n<p><strong>La randonn\u00e9e en v\u00e9lo:<\/strong><\/p>\n<ul>\n<li>Des d\u00e9pliants gratuits sur le r\u00e9seau de pistes \u00ab\u00a0VeloTour Hohes Venn \u2013 Eifel\u00a0\u00bb<br \/>\n<em>Des cartes topographiques de ces pistes sont disponibles chez nous \u00e0 l\u2019\u00e9chelle 1\u00a0:50 000.<\/em><\/li>\n<\/ul>\n<p><strong>La p\u00eache:<\/strong><\/p>\n<ul>\n<li>Au village m\u00eame, dans notre petite rivi\u00e8re la \u00ab Our \u00bb qui se situe \u00e0 plus ou moins 700 m\u00e8tres du VV.<\/li>\n<li>Dans le voisinage imm\u00e9diat, il y a diff\u00e9rents lacs et \u00e9tangs (payement sur place).<\/li>\n<\/ul>\n<p><strong>Ski alpin:<\/strong><\/p>\n<ul>\n<li>Piste \u00ab\u00a0schwarzer Mann\u00a0\u00bb \u00e0 10 Km de Pr\u00fcm (Allemagne)<\/li>\n<\/ul>\n<p><strong>Ski de fond:<\/strong><\/p>\n<ul>\n<li>Au lac de Weiswampach (Luxembourg) 4 Km de Ouren<\/li>\n<\/ul>\n<p><strong>Tennis:<\/strong><\/p>\n<ul>\n<li>Club de tennis de St. Vith<br \/>\n<em>Monsieur Carnol: Tel.: +32 (0)80\/22 78 94 ou +32 (0)80\/22 74 28<\/em><\/li>\n<\/ul>\n<p><strong>Golf:<\/strong><\/p>\n<ul>\n<li>Clervaux (L) : <a href=\"http:\/\/www.golfclervaux.lu\/\" target=\"_blank\" rel=\"noopener\">Golf Club Clervaux<\/a><\/li>\n<li>St.Vith (B) : <a href=\"http:\/\/www.thegreenhouse.be\/\" target=\"_blank\" rel=\"noopener\">The Green House Golfclub<\/a><\/li>\n<\/ul>\n","protected":false},"excerpt":{"rendered":"<p>Bowling \u2013 Karting \u2013 Laser Game: Eastbelgium Action &amp; Fun Center Jeu de quille: 6 adresses dans la commune VTT: Location de VTT ainsi qu\u2019une place de rangement priv\u00e9e pour vos propres v\u00e9los \u00e0 votre appartement. Un d\u00e9pliant gratuit et une carte topographique sont disponibles dans notre magasin. E-Bike Location de E-Bikes Randonn\u00e9e: 300 km [&hellip;]<\/p>\n","protected":false},"author":1,"featured_media":395,"parent":102,"menu_order":3,"comment_status":"closed","ping_status":"closed","template":"","meta":{"_acf_changed":false,"footnotes":""},"class_list":["post-116","page","type-page","status-publish","has-post-thumbnail","hentry"],"acf":[],"yoast_head":"<!-- This site is optimized with the Yoast SEO plugin v22.2 - https:\/\/yoast.com\/wordpress\/plugins\/seo\/ -->\n<title>Sport - zum Schlossberg<\/title>\n<meta name=\"robots\" content=\"index, follow, max-snippet:-1, max-image-preview:large, max-video-preview:-1\" \/>\n<link rel=\"canonical\" href=\"https:\/\/www.schlossberg.be\/fr\/vacances-actives\/sport\" \/>\n<meta property=\"og:locale\" content=\"fr_FR\" \/>\n<meta property=\"og:type\" content=\"article\" \/>\n<meta property=\"og:title\" content=\"Sport - zum Schlossberg\" \/>\n<meta property=\"og:description\" content=\"Bowling \u2013 Karting \u2013 Laser Game: Eastbelgium Action &amp; Fun Center Jeu de quille: 6 adresses dans la commune VTT: Location de VTT ainsi qu\u2019une place de rangement priv\u00e9e pour vos propres v\u00e9los \u00e0 votre appartement. Un d\u00e9pliant gratuit et une carte topographique sont disponibles dans notre magasin. E-Bike Location de E-Bikes Randonn\u00e9e: 300 km [&hellip;]\" \/>\n<meta property=\"og:url\" content=\"https:\/\/www.schlossberg.be\/fr\/vacances-actives\/sport\" \/>\n<meta property=\"og:site_name\" content=\"zum Schlossberg\" \/>\n<meta property=\"article:modified_time\" content=\"2022-07-10T09:53:19+00:00\" \/>\n<meta property=\"og:image\" content=\"https:\/\/www.schlossberg.be\/wp-content\/uploads\/2012\/06\/sport.jpg\" \/>\n\t<meta property=\"og:image:width\" content=\"960\" \/>\n\t<meta property=\"og:image:height\" content=\"340\" \/>\n\t<meta property=\"og:image:type\" content=\"image\/jpeg\" \/>\n<meta name=\"twitter:label1\" content=\"Dur\u00e9e de lecture estim\u00e9e\" \/>\n\t<meta name=\"twitter:data1\" content=\"2 minutes\" \/>\n<script type=\"application\/ld+json\" class=\"yoast-schema-graph\">{\"@context\":\"https:\/\/schema.org\",\"@graph\":[{\"@type\":\"WebPage\",\"@id\":\"https:\/\/www.schlossberg.be\/fr\/vacances-actives\/sport\",\"url\":\"https:\/\/www.schlossberg.be\/fr\/vacances-actives\/sport\",\"name\":\"Sport - zum Schlossberg\",\"isPartOf\":{\"@id\":\"https:\/\/www.schlossberg.be\/nl\/#website\"},\"primaryImageOfPage\":{\"@id\":\"https:\/\/www.schlossberg.be\/fr\/vacances-actives\/sport#primaryimage\"},\"image\":{\"@id\":\"https:\/\/www.schlossberg.be\/fr\/vacances-actives\/sport#primaryimage\"},\"thumbnailUrl\":\"https:\/\/www.schlossberg.be\/wp-content\/uploads\/2012\/06\/sport.jpg\",\"datePublished\":\"2012-12-18T20:10:24+00:00\",\"dateModified\":\"2022-07-10T09:53:19+00:00\",\"breadcrumb\":{\"@id\":\"https:\/\/www.schlossberg.be\/fr\/vacances-actives\/sport#breadcrumb\"},\"inLanguage\":\"fr-FR\",\"potentialAction\":[{\"@type\":\"ReadAction\",\"target\":[\"https:\/\/www.schlossberg.be\/fr\/vacances-actives\/sport\"]}]},{\"@type\":\"ImageObject\",\"inLanguage\":\"fr-FR\",\"@id\":\"https:\/\/www.schlossberg.be\/fr\/vacances-actives\/sport#primaryimage\",\"url\":\"https:\/\/www.schlossberg.be\/wp-content\/uploads\/2012\/06\/sport.jpg\",\"contentUrl\":\"https:\/\/www.schlossberg.be\/wp-content\/uploads\/2012\/06\/sport.jpg\",\"width\":960,\"height\":340},{\"@type\":\"BreadcrumbList\",\"@id\":\"https:\/\/www.schlossberg.be\/fr\/vacances-actives\/sport#breadcrumb\",\"itemListElement\":[{\"@type\":\"ListItem\",\"position\":1,\"name\":\"Home\",\"item\":\"https:\/\/www.schlossberg.be\/fr\"},{\"@type\":\"ListItem\",\"position\":2,\"name\":\"Des vacances actives\",\"item\":\"https:\/\/www.schlossberg.be\/fr\/vacances-actives\"},{\"@type\":\"ListItem\",\"position\":3,\"name\":\"Sport\"}]},{\"@type\":\"WebSite\",\"@id\":\"https:\/\/www.schlossberg.be\/nl\/#website\",\"url\":\"https:\/\/www.schlossberg.be\/nl\/\",\"name\":\"zum Schlossberg\",\"description\":\"Ferienwohnungen\",\"potentialAction\":[{\"@type\":\"SearchAction\",\"target\":{\"@type\":\"EntryPoint\",\"urlTemplate\":\"https:\/\/www.schlossberg.be\/nl\/?s={search_term_string}\"},\"query-input\":\"required name=search_term_string\"}],\"inLanguage\":\"fr-FR\"}]}<\/script>\n<!-- \/ Yoast SEO plugin. -->","yoast_head_json":{"title":"Sport - zum Schlossberg","robots":{"index":"index","follow":"follow","max-snippet":"max-snippet:-1","max-image-preview":"max-image-preview:large","max-video-preview":"max-video-preview:-1"},"canonical":"https:\/\/www.schlossberg.be\/fr\/vacances-actives\/sport","og_locale":"fr_FR","og_type":"article","og_title":"Sport - zum Schlossberg","og_description":"Bowling \u2013 Karting \u2013 Laser Game: Eastbelgium Action &amp; Fun Center Jeu de quille: 6 adresses dans la commune VTT: Location de VTT ainsi qu\u2019une place de rangement priv\u00e9e pour vos propres v\u00e9los \u00e0 votre appartement. Un d\u00e9pliant gratuit et une carte topographique sont disponibles dans notre magasin. E-Bike Location de E-Bikes Randonn\u00e9e: 300 km [&hellip;]","og_url":"https:\/\/www.schlossberg.be\/fr\/vacances-actives\/sport","og_site_name":"zum Schlossberg","article_modified_time":"2022-07-10T09:53:19+00:00","og_image":[{"width":960,"height":340,"url":"https:\/\/www.schlossberg.be\/wp-content\/uploads\/2012\/06\/sport.jpg","type":"image\/jpeg"}],"twitter_misc":{"Dur\u00e9e de lecture estim\u00e9e":"2 minutes"},"schema":{"@context":"https:\/\/schema.org","@graph":[{"@type":"WebPage","@id":"https:\/\/www.schlossberg.be\/fr\/vacances-actives\/sport","url":"https:\/\/www.schlossberg.be\/fr\/vacances-actives\/sport","name":"Sport - zum Schlossberg","isPartOf":{"@id":"https:\/\/www.schlossberg.be\/nl\/#website"},"primaryImageOfPage":{"@id":"https:\/\/www.schlossberg.be\/fr\/vacances-actives\/sport#primaryimage"},"image":{"@id":"https:\/\/www.schlossberg.be\/fr\/vacances-actives\/sport#primaryimage"},"thumbnailUrl":"https:\/\/www.schlossberg.be\/wp-content\/uploads\/2012\/06\/sport.jpg","datePublished":"2012-12-18T20:10:24+00:00","dateModified":"2022-07-10T09:53:19+00:00","breadcrumb":{"@id":"https:\/\/www.schlossberg.be\/fr\/vacances-actives\/sport#breadcrumb"},"inLanguage":"fr-FR","potentialAction":[{"@type":"ReadAction","target":["https:\/\/www.schlossberg.be\/fr\/vacances-actives\/sport"]}]},{"@type":"ImageObject","inLanguage":"fr-FR","@id":"https:\/\/www.schlossberg.be\/fr\/vacances-actives\/sport#primaryimage","url":"https:\/\/www.schlossberg.be\/wp-content\/uploads\/2012\/06\/sport.jpg","contentUrl":"https:\/\/www.schlossberg.be\/wp-content\/uploads\/2012\/06\/sport.jpg","width":960,"height":340},{"@type":"BreadcrumbList","@id":"https:\/\/www.schlossberg.be\/fr\/vacances-actives\/sport#breadcrumb","itemListElement":[{"@type":"ListItem","position":1,"name":"Home","item":"https:\/\/www.schlossberg.be\/fr"},{"@type":"ListItem","position":2,"name":"Des vacances actives","item":"https:\/\/www.schlossberg.be\/fr\/vacances-actives"},{"@type":"ListItem","position":3,"name":"Sport"}]},{"@type":"WebSite","@id":"https:\/\/www.schlossberg.be\/nl\/#website","url":"https:\/\/www.schlossberg.be\/nl\/","name":"zum Schlossberg","description":"Ferienwohnungen","potentialAction":[{"@type":"SearchAction","target":{"@type":"EntryPoint","urlTemplate":"https:\/\/www.schlossberg.be\/nl\/?s={search_term_string}"},"query-input":"required name=search_term_string"}],"inLanguage":"fr-FR"}]}},"_links":{"self":[{"href":"https:\/\/www.schlossberg.be\/fr\/wp-json\/wp\/v2\/pages\/116","targetHints":{"allow":["GET"]}}],"collection":[{"href":"https:\/\/www.schlossberg.be\/fr\/wp-json\/wp\/v2\/pages"}],"about":[{"href":"https:\/\/www.schlossberg.be\/fr\/wp-json\/wp\/v2\/types\/page"}],"author":[{"embeddable":true,"href":"https:\/\/www.schlossberg.be\/fr\/wp-json\/wp\/v2\/users\/1"}],"replies":[{"embeddable":true,"href":"https:\/\/www.schlossberg.be\/fr\/wp-json\/wp\/v2\/comments?post=116"}],"version-history":[{"count":4,"href":"https:\/\/www.schlossberg.be\/fr\/wp-json\/wp\/v2\/pages\/116\/revisions"}],"predecessor-version":[{"id":1492,"href":"https:\/\/www.schlossberg.be\/fr\/wp-json\/wp\/v2\/pages\/116\/revisions\/1492"}],"up":[{"embeddable":true,"href":"https:\/\/www.schlossberg.be\/fr\/wp-json\/wp\/v2\/pages\/102"}],"wp:featuredmedia":[{"embeddable":true,"href":"https:\/\/www.schlossberg.be\/fr\/wp-json\/wp\/v2\/media\/395"}],"wp:attachment":[{"href":"https:\/\/www.schlossberg.be\/fr\/wp-json\/wp\/v2\/media?parent=116"}],"curies":[{"name":"wp","href":"https:\/\/api.w.org\/{rel}","templated":true}]}}