{"id":177,"date":"2012-12-18T23:31:13","date_gmt":"2012-12-18T21:31:13","guid":{"rendered":"http:\/\/test.schlossberg.be\/?page_id=177"},"modified":"2023-09-07T14:53:40","modified_gmt":"2023-09-07T12:53:40","slug":"contact","status":"publish","type":"page","link":"https:\/\/www.schlossberg.be\/fr\/contact","title":{"rendered":"Contact"},"content":{"rendered":"<div class=\"row\">\n<div class=\"col-xs-12 col-md-6\">\n<h2>Pour plus d&rsquo;informations<\/h2>\n<p><strong>Francis &amp; Irma Wangen-Steils<\/strong><br \/>\nAuf dem Gret, Ouren 29<br \/>\nB-4790 Burg-Reuland<\/p>\n<p><strong>T\u00e9l. :<\/strong> +32 (0)80 32 97 55<br \/>\n<strong> E-Mail :<\/strong> <a href=\"mailto:info@schlossberg.be\">info@schlossberg.be<\/a><\/p>\n<\/div>\n<div class=\"col-xs-12 col-md-6\">\n<h2>R\u00e9servations<\/h2>\n<p><a title=\"Demande de r\u00e9servation d\u2019un appartement\" href=\"\/fr\/formulaire-reservation\">Vous pouvez r\u00e9server directement en ligne en utilisant notre formulaire.<\/a><\/p>\n<\/div>\n<\/div>\n","protected":false},"excerpt":{"rendered":"<p>Pour plus d&rsquo;informations Francis &amp; Irma Wangen-Steils Auf dem Gret, Ouren 29 B-4790 Burg-Reuland T\u00e9l. : +32 (0)80 32 97 55 E-Mail : info@schlossberg.be R\u00e9servations Vous pouvez r\u00e9server directement en ligne en utilisant notre formulaire.<\/p>\n","protected":false},"author":1,"featured_media":1739,"parent":0,"menu_order":0,"comment_status":"closed","ping_status":"closed","template":"","meta":{"_acf_changed":false,"footnotes":""},"class_list":["post-177","page","type-page","status-publish","has-post-thumbnail","hentry"],"acf":[],"yoast_head":"<!-- This site is optimized with the Yoast SEO plugin v22.2 - https:\/\/yoast.com\/wordpress\/plugins\/seo\/ -->\n<title>Contact - zum Schlossberg<\/title>\n<meta name=\"robots\" content=\"index, follow, max-snippet:-1, max-image-preview:large, max-video-preview:-1\" \/>\n<link rel=\"canonical\" href=\"https:\/\/www.schlossberg.be\/fr\/contact\" \/>\n<meta property=\"og:locale\" content=\"fr_FR\" \/>\n<meta property=\"og:type\" content=\"article\" \/>\n<meta property=\"og:title\" content=\"Contact - zum Schlossberg\" \/>\n<meta property=\"og:description\" content=\"Pour plus d&rsquo;informations Francis &amp; Irma Wangen-Steils Auf dem Gret, Ouren 29 B-4790 Burg-Reuland T\u00e9l. : +32 (0)80 32 97 55 E-Mail : info@schlossberg.be R\u00e9servations Vous pouvez r\u00e9server directement en ligne en utilisant notre formulaire.\" \/>\n<meta property=\"og:url\" content=\"https:\/\/www.schlossberg.be\/fr\/contact\" \/>\n<meta property=\"og:site_name\" content=\"zum Schlossberg\" \/>\n<meta property=\"article:modified_time\" content=\"2023-09-07T12:53:40+00:00\" \/>\n<meta property=\"og:image\" content=\"https:\/\/www.schlossberg.be\/wp-content\/uploads\/2023\/08\/0405-Familie-Wangen-Steils-210.jpg\" \/>\n\t<meta property=\"og:image:width\" content=\"1920\" \/>\n\t<meta property=\"og:image:height\" content=\"1280\" \/>\n\t<meta property=\"og:image:type\" content=\"image\/jpeg\" \/>\n<meta name=\"twitter:label1\" content=\"Dur\u00e9e de lecture estim\u00e9e\" \/>\n\t<meta name=\"twitter:data1\" content=\"1 minute\" \/>\n<script type=\"application\/ld+json\" class=\"yoast-schema-graph\">{\"@context\":\"https:\/\/schema.org\",\"@graph\":[{\"@type\":\"WebPage\",\"@id\":\"https:\/\/www.schlossberg.be\/fr\/contact\",\"url\":\"https:\/\/www.schlossberg.be\/fr\/contact\",\"name\":\"Contact - zum Schlossberg\",\"isPartOf\":{\"@id\":\"https:\/\/www.schlossberg.be\/nl\/#website\"},\"primaryImageOfPage\":{\"@id\":\"https:\/\/www.schlossberg.be\/fr\/contact#primaryimage\"},\"image\":{\"@id\":\"https:\/\/www.schlossberg.be\/fr\/contact#primaryimage\"},\"thumbnailUrl\":\"https:\/\/www.schlossberg.be\/wp-content\/uploads\/2023\/08\/0405-Familie-Wangen-Steils-210.jpg\",\"datePublished\":\"2012-12-18T21:31:13+00:00\",\"dateModified\":\"2023-09-07T12:53:40+00:00\",\"breadcrumb\":{\"@id\":\"https:\/\/www.schlossberg.be\/fr\/contact#breadcrumb\"},\"inLanguage\":\"fr-FR\",\"potentialAction\":[{\"@type\":\"ReadAction\",\"target\":[\"https:\/\/www.schlossberg.be\/fr\/contact\"]}]},{\"@type\":\"ImageObject\",\"inLanguage\":\"fr-FR\",\"@id\":\"https:\/\/www.schlossberg.be\/fr\/contact#primaryimage\",\"url\":\"https:\/\/www.schlossberg.be\/wp-content\/uploads\/2023\/08\/0405-Familie-Wangen-Steils-210.jpg\",\"contentUrl\":\"https:\/\/www.schlossberg.be\/wp-content\/uploads\/2023\/08\/0405-Familie-Wangen-Steils-210.jpg\",\"width\":1920,\"height\":1280},{\"@type\":\"BreadcrumbList\",\"@id\":\"https:\/\/www.schlossberg.be\/fr\/contact#breadcrumb\",\"itemListElement\":[{\"@type\":\"ListItem\",\"position\":1,\"name\":\"Home\",\"item\":\"https:\/\/www.schlossberg.be\/fr\"},{\"@type\":\"ListItem\",\"position\":2,\"name\":\"Contact\"}]},{\"@type\":\"WebSite\",\"@id\":\"https:\/\/www.schlossberg.be\/nl\/#website\",\"url\":\"https:\/\/www.schlossberg.be\/nl\/\",\"name\":\"zum Schlossberg\",\"description\":\"Ferienwohnungen\",\"potentialAction\":[{\"@type\":\"SearchAction\",\"target\":{\"@type\":\"EntryPoint\",\"urlTemplate\":\"https:\/\/www.schlossberg.be\/nl\/?s={search_term_string}\"},\"query-input\":\"required name=search_term_string\"}],\"inLanguage\":\"fr-FR\"}]}<\/script>\n<!-- \/ Yoast SEO plugin. -->","yoast_head_json":{"title":"Contact - zum Schlossberg","robots":{"index":"index","follow":"follow","max-snippet":"max-snippet:-1","max-image-preview":"max-image-preview:large","max-video-preview":"max-video-preview:-1"},"canonical":"https:\/\/www.schlossberg.be\/fr\/contact","og_locale":"fr_FR","og_type":"article","og_title":"Contact - zum Schlossberg","og_description":"Pour plus d&rsquo;informations Francis &amp; Irma Wangen-Steils Auf dem Gret, Ouren 29 B-4790 Burg-Reuland T\u00e9l. : +32 (0)80 32 97 55 E-Mail : info@schlossberg.be R\u00e9servations Vous pouvez r\u00e9server directement en ligne en utilisant notre formulaire.","og_url":"https:\/\/www.schlossberg.be\/fr\/contact","og_site_name":"zum Schlossberg","article_modified_time":"2023-09-07T12:53:40+00:00","og_image":[{"width":1920,"height":1280,"url":"https:\/\/www.schlossberg.be\/wp-content\/uploads\/2023\/08\/0405-Familie-Wangen-Steils-210.jpg","type":"image\/jpeg"}],"twitter_misc":{"Dur\u00e9e de lecture estim\u00e9e":"1 minute"},"schema":{"@context":"https:\/\/schema.org","@graph":[{"@type":"WebPage","@id":"https:\/\/www.schlossberg.be\/fr\/contact","url":"https:\/\/www.schlossberg.be\/fr\/contact","name":"Contact - zum Schlossberg","isPartOf":{"@id":"https:\/\/www.schlossberg.be\/nl\/#website"},"primaryImageOfPage":{"@id":"https:\/\/www.schlossberg.be\/fr\/contact#primaryimage"},"image":{"@id":"https:\/\/www.schlossberg.be\/fr\/contact#primaryimage"},"thumbnailUrl":"https:\/\/www.schlossberg.be\/wp-content\/uploads\/2023\/08\/0405-Familie-Wangen-Steils-210.jpg","datePublished":"2012-12-18T21:31:13+00:00","dateModified":"2023-09-07T12:53:40+00:00","breadcrumb":{"@id":"https:\/\/www.schlossberg.be\/fr\/contact#breadcrumb"},"inLanguage":"fr-FR","potentialAction":[{"@type":"ReadAction","target":["https:\/\/www.schlossberg.be\/fr\/contact"]}]},{"@type":"ImageObject","inLanguage":"fr-FR","@id":"https:\/\/www.schlossberg.be\/fr\/contact#primaryimage","url":"https:\/\/www.schlossberg.be\/wp-content\/uploads\/2023\/08\/0405-Familie-Wangen-Steils-210.jpg","contentUrl":"https:\/\/www.schlossberg.be\/wp-content\/uploads\/2023\/08\/0405-Familie-Wangen-Steils-210.jpg","width":1920,"height":1280},{"@type":"BreadcrumbList","@id":"https:\/\/www.schlossberg.be\/fr\/contact#breadcrumb","itemListElement":[{"@type":"ListItem","position":1,"name":"Home","item":"https:\/\/www.schlossberg.be\/fr"},{"@type":"ListItem","position":2,"name":"Contact"}]},{"@type":"WebSite","@id":"https:\/\/www.schlossberg.be\/nl\/#website","url":"https:\/\/www.schlossberg.be\/nl\/","name":"zum Schlossberg","description":"Ferienwohnungen","potentialAction":[{"@type":"SearchAction","target":{"@type":"EntryPoint","urlTemplate":"https:\/\/www.schlossberg.be\/nl\/?s={search_term_string}"},"query-input":"required name=search_term_string"}],"inLanguage":"fr-FR"}]}},"_links":{"self":[{"href":"https:\/\/www.schlossberg.be\/fr\/wp-json\/wp\/v2\/pages\/177","targetHints":{"allow":["GET"]}}],"collection":[{"href":"https:\/\/www.schlossberg.be\/fr\/wp-json\/wp\/v2\/pages"}],"about":[{"href":"https:\/\/www.schlossberg.be\/fr\/wp-json\/wp\/v2\/types\/page"}],"author":[{"embeddable":true,"href":"https:\/\/www.schlossberg.be\/fr\/wp-json\/wp\/v2\/users\/1"}],"replies":[{"embeddable":true,"href":"https:\/\/www.schlossberg.be\/fr\/wp-json\/wp\/v2\/comments?post=177"}],"version-history":[{"count":6,"href":"https:\/\/www.schlossberg.be\/fr\/wp-json\/wp\/v2\/pages\/177\/revisions"}],"predecessor-version":[{"id":1452,"href":"https:\/\/www.schlossberg.be\/fr\/wp-json\/wp\/v2\/pages\/177\/revisions\/1452"}],"wp:featuredmedia":[{"embeddable":true,"href":"https:\/\/www.schlossberg.be\/fr\/wp-json\/wp\/v2\/media\/1739"}],"wp:attachment":[{"href":"https:\/\/www.schlossberg.be\/fr\/wp-json\/wp\/v2\/media?parent=177"}],"curies":[{"name":"wp","href":"https:\/\/api.w.org\/{rel}","templated":true}]}}