{"id":98,"date":"2012-12-18T21:31:41","date_gmt":"2012-12-18T19:31:41","guid":{"rendered":"http:\/\/www.schlossberg.be\/?page_id=98"},"modified":"2013-09-01T01:11:09","modified_gmt":"2013-08-31T23:11:09","slug":"maisons-de-vacances-a-ouren","status":"publish","type":"page","link":"https:\/\/www.schlossberg.be\/fr","title":{"rendered":"Maisons de vacances \u00e0 Ouren"},"content":{"rendered":"<p>Les appartements de vacances se situent au c\u0153ur du <strong>beau village d\u2019Ouren<\/strong>, aux <strong>trois-fronti\u00e8res<\/strong> entre la <strong>Belgique, l\u2019Allemagne et le Luxembourg<\/strong>. Dans cet<strong> endroit agr\u00e9able<\/strong> \u00e9loign\u00e9 du bruit des grandes villes, le <strong>promeneur <\/strong>peut se d\u00e9connecter et se ressourcer.<\/p>\n","protected":false},"excerpt":{"rendered":"<p>Les appartements de vacances se situent au c\u0153ur du beau village d\u2019Ouren, aux trois-fronti\u00e8res entre la Belgique, l\u2019Allemagne et le Luxembourg. Dans cet endroit agr\u00e9able \u00e9loign\u00e9 du bruit des grandes villes, le promeneur peut se d\u00e9connecter et se ressourcer.<\/p>\n","protected":false},"author":1,"featured_media":402,"parent":0,"menu_order":0,"comment_status":"open","ping_status":"closed","template":"page-home.php","meta":{"_acf_changed":false,"footnotes":""},"class_list":["post-98","page","type-page","status-publish","has-post-thumbnail","hentry"],"acf":[],"yoast_head":"<!-- This site is optimized with the Yoast SEO plugin v22.2 - https:\/\/yoast.com\/wordpress\/plugins\/seo\/ -->\n<title>Maisons de vacances \u00e0 Ouren - zum Schlossberg<\/title>\n<meta name=\"robots\" content=\"index, follow, max-snippet:-1, max-image-preview:large, max-video-preview:-1\" \/>\n<link rel=\"canonical\" href=\"https:\/\/www.schlossberg.be\/fr\" \/>\n<meta property=\"og:locale\" content=\"fr_FR\" \/>\n<meta property=\"og:type\" content=\"article\" \/>\n<meta property=\"og:title\" content=\"Maisons de vacances \u00e0 Ouren - zum Schlossberg\" \/>\n<meta property=\"og:description\" content=\"Les appartements de vacances se situent au c\u0153ur du beau village d\u2019Ouren, aux trois-fronti\u00e8res entre la Belgique, l\u2019Allemagne et le Luxembourg. Dans cet endroit agr\u00e9able \u00e9loign\u00e9 du bruit des grandes villes, le promeneur peut se d\u00e9connecter et se ressourcer.\" \/>\n<meta property=\"og:url\" content=\"https:\/\/www.schlossberg.be\/fr\" \/>\n<meta property=\"og:site_name\" content=\"zum Schlossberg\" \/>\n<meta property=\"article:modified_time\" content=\"2013-08-31T23:11:09+00:00\" \/>\n<meta property=\"og:image\" content=\"https:\/\/www.schlossberg.be\/wp-content\/uploads\/2012\/06\/intro.jpg\" \/>\n\t<meta property=\"og:image:width\" content=\"960\" \/>\n\t<meta property=\"og:image:height\" content=\"340\" \/>\n\t<meta property=\"og:image:type\" content=\"image\/jpeg\" \/>\n<script type=\"application\/ld+json\" class=\"yoast-schema-graph\">{\"@context\":\"https:\/\/schema.org\",\"@graph\":[{\"@type\":\"WebPage\",\"@id\":\"https:\/\/www.schlossberg.be\/fr\",\"url\":\"https:\/\/www.schlossberg.be\/fr\",\"name\":\"Maisons de vacances \u00e0 Ouren - zum Schlossberg\",\"isPartOf\":{\"@id\":\"https:\/\/www.schlossberg.be\/nl\/#website\"},\"primaryImageOfPage\":{\"@id\":\"https:\/\/www.schlossberg.be\/fr#primaryimage\"},\"image\":{\"@id\":\"https:\/\/www.schlossberg.be\/fr#primaryimage\"},\"thumbnailUrl\":\"https:\/\/www.schlossberg.be\/wp-content\/uploads\/2012\/06\/intro.jpg\",\"datePublished\":\"2012-12-18T19:31:41+00:00\",\"dateModified\":\"2013-08-31T23:11:09+00:00\",\"breadcrumb\":{\"@id\":\"https:\/\/www.schlossberg.be\/fr#breadcrumb\"},\"inLanguage\":\"fr-FR\",\"potentialAction\":[{\"@type\":\"ReadAction\",\"target\":[\"https:\/\/www.schlossberg.be\/fr\"]}]},{\"@type\":\"ImageObject\",\"inLanguage\":\"fr-FR\",\"@id\":\"https:\/\/www.schlossberg.be\/fr#primaryimage\",\"url\":\"https:\/\/www.schlossberg.be\/wp-content\/uploads\/2012\/06\/intro.jpg\",\"contentUrl\":\"https:\/\/www.schlossberg.be\/wp-content\/uploads\/2012\/06\/intro.jpg\",\"width\":960,\"height\":340},{\"@type\":\"BreadcrumbList\",\"@id\":\"https:\/\/www.schlossberg.be\/fr#breadcrumb\",\"itemListElement\":[{\"@type\":\"ListItem\",\"position\":1,\"name\":\"Home\",\"item\":\"https:\/\/www.schlossberg.be\/fr\"},{\"@type\":\"ListItem\",\"position\":2,\"name\":\"Maisons de vacances \u00e0 Ouren\"}]},{\"@type\":\"WebSite\",\"@id\":\"https:\/\/www.schlossberg.be\/nl\/#website\",\"url\":\"https:\/\/www.schlossberg.be\/nl\/\",\"name\":\"zum Schlossberg\",\"description\":\"Ferienwohnungen\",\"potentialAction\":[{\"@type\":\"SearchAction\",\"target\":{\"@type\":\"EntryPoint\",\"urlTemplate\":\"https:\/\/www.schlossberg.be\/nl\/?s={search_term_string}\"},\"query-input\":\"required name=search_term_string\"}],\"inLanguage\":\"fr-FR\"}]}<\/script>\n<!-- \/ Yoast SEO plugin. -->","yoast_head_json":{"title":"Maisons de vacances \u00e0 Ouren - zum Schlossberg","robots":{"index":"index","follow":"follow","max-snippet":"max-snippet:-1","max-image-preview":"max-image-preview:large","max-video-preview":"max-video-preview:-1"},"canonical":"https:\/\/www.schlossberg.be\/fr","og_locale":"fr_FR","og_type":"article","og_title":"Maisons de vacances \u00e0 Ouren - zum Schlossberg","og_description":"Les appartements de vacances se situent au c\u0153ur du beau village d\u2019Ouren, aux trois-fronti\u00e8res entre la Belgique, l\u2019Allemagne et le Luxembourg. Dans cet endroit agr\u00e9able \u00e9loign\u00e9 du bruit des grandes villes, le promeneur peut se d\u00e9connecter et se ressourcer.","og_url":"https:\/\/www.schlossberg.be\/fr","og_site_name":"zum Schlossberg","article_modified_time":"2013-08-31T23:11:09+00:00","og_image":[{"width":960,"height":340,"url":"https:\/\/www.schlossberg.be\/wp-content\/uploads\/2012\/06\/intro.jpg","type":"image\/jpeg"}],"schema":{"@context":"https:\/\/schema.org","@graph":[{"@type":"WebPage","@id":"https:\/\/www.schlossberg.be\/fr","url":"https:\/\/www.schlossberg.be\/fr","name":"Maisons de vacances \u00e0 Ouren - zum Schlossberg","isPartOf":{"@id":"https:\/\/www.schlossberg.be\/nl\/#website"},"primaryImageOfPage":{"@id":"https:\/\/www.schlossberg.be\/fr#primaryimage"},"image":{"@id":"https:\/\/www.schlossberg.be\/fr#primaryimage"},"thumbnailUrl":"https:\/\/www.schlossberg.be\/wp-content\/uploads\/2012\/06\/intro.jpg","datePublished":"2012-12-18T19:31:41+00:00","dateModified":"2013-08-31T23:11:09+00:00","breadcrumb":{"@id":"https:\/\/www.schlossberg.be\/fr#breadcrumb"},"inLanguage":"fr-FR","potentialAction":[{"@type":"ReadAction","target":["https:\/\/www.schlossberg.be\/fr"]}]},{"@type":"ImageObject","inLanguage":"fr-FR","@id":"https:\/\/www.schlossberg.be\/fr#primaryimage","url":"https:\/\/www.schlossberg.be\/wp-content\/uploads\/2012\/06\/intro.jpg","contentUrl":"https:\/\/www.schlossberg.be\/wp-content\/uploads\/2012\/06\/intro.jpg","width":960,"height":340},{"@type":"BreadcrumbList","@id":"https:\/\/www.schlossberg.be\/fr#breadcrumb","itemListElement":[{"@type":"ListItem","position":1,"name":"Home","item":"https:\/\/www.schlossberg.be\/fr"},{"@type":"ListItem","position":2,"name":"Maisons de vacances \u00e0 Ouren"}]},{"@type":"WebSite","@id":"https:\/\/www.schlossberg.be\/nl\/#website","url":"https:\/\/www.schlossberg.be\/nl\/","name":"zum Schlossberg","description":"Ferienwohnungen","potentialAction":[{"@type":"SearchAction","target":{"@type":"EntryPoint","urlTemplate":"https:\/\/www.schlossberg.be\/nl\/?s={search_term_string}"},"query-input":"required name=search_term_string"}],"inLanguage":"fr-FR"}]}},"_links":{"self":[{"href":"https:\/\/www.schlossberg.be\/fr\/wp-json\/wp\/v2\/pages\/98","targetHints":{"allow":["GET"]}}],"collection":[{"href":"https:\/\/www.schlossberg.be\/fr\/wp-json\/wp\/v2\/pages"}],"about":[{"href":"https:\/\/www.schlossberg.be\/fr\/wp-json\/wp\/v2\/types\/page"}],"author":[{"embeddable":true,"href":"https:\/\/www.schlossberg.be\/fr\/wp-json\/wp\/v2\/users\/1"}],"replies":[{"embeddable":true,"href":"https:\/\/www.schlossberg.be\/fr\/wp-json\/wp\/v2\/comments?post=98"}],"version-history":[{"count":2,"href":"https:\/\/www.schlossberg.be\/fr\/wp-json\/wp\/v2\/pages\/98\/revisions"}],"predecessor-version":[{"id":183,"href":"https:\/\/www.schlossberg.be\/fr\/wp-json\/wp\/v2\/pages\/98\/revisions\/183"}],"wp:featuredmedia":[{"embeddable":true,"href":"https:\/\/www.schlossberg.be\/fr\/wp-json\/wp\/v2\/media\/402"}],"wp:attachment":[{"href":"https:\/\/www.schlossberg.be\/fr\/wp-json\/wp\/v2\/media?parent=98"}],"curies":[{"name":"wp","href":"https:\/\/api.w.org\/{rel}","templated":true}]}}